{"id":166,"date":"2014-10-16T15:57:38","date_gmt":"2014-10-16T15:57:38","guid":{"rendered":"http:\/\/sites.caa-international.org\/mx\/?page_id=166"},"modified":"2014-10-17T11:40:27","modified_gmt":"2014-10-17T11:40:27","slug":"events-news","status":"publish","type":"page","link":"http:\/\/mx.caa-international.org\/en\/events-news\/","title":{"rendered":"Events and News"},"content":{"rendered":"<p><img decoding=\"async\" width=\"440\" src=\"http:\/\/www.mexicoescultura.com\/galerias\/actividades\/principal\/inah_patrimonio_convoca.jpg\" alt=\"Congreso Patrimonio Cultural y Tecnologias\" \/><br \/>\n<strong>Primer Congreso de Patrimonio Cultural y Nuevas Tecnolog\u00edas<\/strong><\/p>\n<p><span style=\"font-family: verdana;font-size: small\">El Instituto Nacional de Antropolog\u00eda e Historia (INAH), en su misi\u00f3n de salvaguardar el patrimonio cultural, busca mantenerse a la vanguardia en la aplicaci\u00f3n de nuevas tecnolog\u00edas para la conservaci\u00f3n, investigaci\u00f3n y difusi\u00f3n del patrimonio.<\/span><\/p>\n<p><span style=\"font-family: verdana;font-size: small\">En este esfuerzo por establecer un di\u00e1logo acad\u00e9mico y plural, con un enfoque innovador para mostrar la labor que realiza el Instituto haciendo uso de las nuevas tecnolog\u00edas, y para compartirla y discutirla con representantes de otras instituciones nacionales e internacional, organiza al Primer Congreso Internacional El Patrimonio cultural y las nuevas tecnolog\u00edas.<\/span><\/p>\n<p><span style=\"font-family: verdana;font-size: small\">Del 3 al 6 de Diciembre en el Museo Nacional de Antropolog\u00eda e Historia se presentaran diversos trabajos dando un panorama general del estado de la cuesti\u00f3n en M\u00e9xico. <a href=\"http:\/\/www.inah.gob.mx\/pcnt\/\" title=\"Programa congreso\">Consulta el programa aqu\u00ed.<\/a><\/span><\/p>\n","protected":false},"excerpt":{"rendered":"<p>Primer Congreso de Patrimonio Cultural y Nuevas Tecnolog\u00edas El Instituto Nacional de Antropolog\u00eda e Historia (INAH), en su misi\u00f3n de salvaguardar el patrimonio cultural, busca mantenerse a la vanguardia en la aplicaci\u00f3n de nuevas tecnolog\u00edas para la conservaci\u00f3n, investigaci\u00f3n y &hellip; <a href=\"http:\/\/mx.caa-international.org\/en\/events-news\/\">Continue reading <span class=\"meta-nav\">&rarr;<\/span><\/a><\/p>\n","protected":false},"author":38,"featured_media":0,"parent":0,"menu_order":0,"comment_status":"closed","ping_status":"closed","template":"","meta":{"footnotes":""},"class_list":["post-166","page","type-page","status-publish","hentry"],"_links":{"self":[{"href":"http:\/\/mx.caa-international.org\/en\/wp-json\/wp\/v2\/pages\/166"}],"collection":[{"href":"http:\/\/mx.caa-international.org\/en\/wp-json\/wp\/v2\/pages"}],"about":[{"href":"http:\/\/mx.caa-international.org\/en\/wp-json\/wp\/v2\/types\/page"}],"author":[{"embeddable":true,"href":"http:\/\/mx.caa-international.org\/en\/wp-json\/wp\/v2\/users\/38"}],"replies":[{"embeddable":true,"href":"http:\/\/mx.caa-international.org\/en\/wp-json\/wp\/v2\/comments?post=166"}],"version-history":[{"count":9,"href":"http:\/\/mx.caa-international.org\/en\/wp-json\/wp\/v2\/pages\/166\/revisions"}],"predecessor-version":[{"id":208,"href":"http:\/\/mx.caa-international.org\/en\/wp-json\/wp\/v2\/pages\/166\/revisions\/208"}],"wp:attachment":[{"href":"http:\/\/mx.caa-international.org\/en\/wp-json\/wp\/v2\/media?parent=166"}],"curies":[{"name":"wp","href":"https:\/\/api.w.org\/{rel}","templated":true}]}}